{"id":887,"date":"2020-12-02T12:02:00","date_gmt":"2020-12-02T12:02:00","guid":{"rendered":"http:\/\/apartamentosembat.com\/?page_id=887"},"modified":"2020-12-02T12:02:00","modified_gmt":"2020-12-02T12:02:00","slug":"apartamento-con-vista-al-mar","status":"publish","type":"page","link":"https:\/\/www.apartamentosembat.com\/en\/apartments\/apartamento-con-vista-al-mar\/","title":{"rendered":"Apartamento con vista al mar"},"content":{"rendered":"\t\t<div data-elementor-type=\"wp-page\" data-elementor-id=\"887\" class=\"elementor elementor-887\" data-elementor-settings=\"[]\">\n\t\t\t\t\t\t<div class=\"elementor-inner\">\n\t\t\t\t\t\t\t<div class=\"elementor-section-wrap\">\n\t\t\t\t\t\t\t<section class=\"elementor-section elementor-top-section elementor-element elementor-element-359e15f0 elementor-section-stretched elementor-section-boxed elementor-section-height-default elementor-section-height-default\" data-id=\"359e15f0\" data-element_type=\"section\" data-settings=\"{&quot;stretch_section&quot;:&quot;section-stretched&quot;,&quot;background_background&quot;:&quot;classic&quot;}\">\n\t\t\t\t\t\t<div class=\"elementor-container elementor-column-gap-wider\">\n\t\t\t\t\t\t\t<div class=\"elementor-row\">\n\t\t\t\t\t<div class=\"elementor-column elementor-col-100 elementor-top-column elementor-element elementor-element-2afc3c5 elementor-invisible\" data-id=\"2afc3c5\" data-element_type=\"column\" data-settings=\"{&quot;animation&quot;:&quot;fadeIn&quot;}\">\n\t\t\t<div class=\"elementor-column-wrap elementor-element-populated\">\n\t\t\t\t\t\t\t<div class=\"elementor-widget-wrap\">\n\t\t\t\t\t\t<div class=\"elementor-element elementor-element-727f071 elementor-widget elementor-widget-text-editor\" data-id=\"727f071\" data-element_type=\"widget\" data-widget_type=\"text-editor.default\">\n\t\t\t\t<div class=\"elementor-widget-container\">\n\t\t\t\t\t<div class=\"elementor-text-editor elementor-clearfix\"><h2><span style=\"color: #4989fd\">Apartamento<br \/><\/span>vista mar<\/h2><\/div>\n\t\t\t\t<\/div>\n\t\t\t\t<\/div>\n\t\t\t\t<div class=\"elementor-element elementor-element-6ce920b6 elementor-widget elementor-widget-text-editor\" data-id=\"6ce920b6\" data-element_type=\"widget\" data-widget_type=\"text-editor.default\">\n\t\t\t\t<div class=\"elementor-widget-container\">\n\t\t\t\t\t<div class=\"elementor-text-editor elementor-clearfix\"><p>Un apartamento con vista al mar consta de un sal\u00f3n-comedor con cocina en barra americana totalmente equipada, un dormitorio doble con dos camas individuales que pueden ser adosadas para formar una cama doble y un ba\u00f1o completo. Adem\u00e1s todos nuestros apartamentos con vista al mar disponen de terraza con vistas despejadas sobre la bah\u00eda.<\/p><\/div>\n\t\t\t\t<\/div>\n\t\t\t\t<\/div>\n\t\t\t\t\t\t<\/div>\n\t\t\t\t\t<\/div>\n\t\t<\/div>\n\t\t\t\t\t\t\t\t<\/div>\n\t\t\t\t\t<\/div>\n\t\t<\/section>\n\t\t\t\t<section class=\"elementor-section elementor-top-section elementor-element elementor-element-20a709bf elementor-section-content-middle elementor-section-boxed elementor-section-height-default elementor-section-height-default\" data-id=\"20a709bf\" data-element_type=\"section\">\n\t\t\t\t\t\t<div class=\"elementor-container elementor-column-gap-no\">\n\t\t\t\t\t\t\t<div class=\"elementor-row\">\n\t\t\t\t\t<div class=\"elementor-column elementor-col-100 elementor-top-column elementor-element elementor-element-287b404f\" data-id=\"287b404f\" data-element_type=\"column\">\n\t\t\t<div class=\"elementor-column-wrap elementor-element-populated\">\n\t\t\t\t\t\t\t<div class=\"elementor-widget-wrap\">\n\t\t\t\t\t\t<section class=\"elementor-section elementor-inner-section elementor-element elementor-element-3bc2ce41 elementor-section-content-middle elementor-section-boxed elementor-section-height-default elementor-section-height-default\" data-id=\"3bc2ce41\" data-element_type=\"section\">\n\t\t\t\t\t\t<div class=\"elementor-container elementor-column-gap-no\">\n\t\t\t\t\t\t\t<div class=\"elementor-row\">\n\t\t\t\t\t<div class=\"elementor-column elementor-col-50 elementor-inner-column elementor-element elementor-element-6688ad99 elementor-invisible\" data-id=\"6688ad99\" data-element_type=\"column\" data-settings=\"{&quot;animation&quot;:&quot;fadeInLeft&quot;}\">\n\t\t\t<div class=\"elementor-column-wrap elementor-element-populated\">\n\t\t\t\t\t\t\t<div class=\"elementor-widget-wrap\">\n\t\t\t\t\t\t<div class=\"elementor-element elementor-element-621806ae elementor-widget elementor-widget-image\" data-id=\"621806ae\" data-element_type=\"widget\" data-widget_type=\"image.default\">\n\t\t\t\t<div class=\"elementor-widget-container\">\n\t\t\t\t\t<div class=\"elementor-image\">\n\t\t\t\t\t\t\t\t\t\t<img width=\"800\" height=\"536\" src=\"https:\/\/www.apartamentosembat.com\/wp-content\/uploads\/2020\/11\/apvmcom1-2.jpg\" class=\"attachment-large size-large\" alt=\"\" loading=\"lazy\" srcset=\"https:\/\/www.apartamentosembat.com\/wp-content\/uploads\/2020\/11\/apvmcom1-2.jpg 800w, https:\/\/www.apartamentosembat.com\/wp-content\/uploads\/2020\/11\/apvmcom1-2-300x201.jpg 300w, https:\/\/www.apartamentosembat.com\/wp-content\/uploads\/2020\/11\/apvmcom1-2-768x515.jpg 768w, https:\/\/www.apartamentosembat.com\/wp-content\/uploads\/2020\/11\/apvmcom1-2-218x146.jpg 218w, https:\/\/www.apartamentosembat.com\/wp-content\/uploads\/2020\/11\/apvmcom1-2-50x34.jpg 50w, https:\/\/www.apartamentosembat.com\/wp-content\/uploads\/2020\/11\/apvmcom1-2-112x75.jpg 112w\" sizes=\"(max-width: 800px) 100vw, 800px\" \/>\t\t\t\t\t\t\t\t\t\t\t<\/div>\n\t\t\t\t<\/div>\n\t\t\t\t<\/div>\n\t\t\t\t\t\t<\/div>\n\t\t\t\t\t<\/div>\n\t\t<\/div>\n\t\t\t\t<div class=\"elementor-column elementor-col-50 elementor-inner-column elementor-element elementor-element-41fa1755 elementor-invisible\" data-id=\"41fa1755\" data-element_type=\"column\" data-settings=\"{&quot;animation&quot;:&quot;fadeInRight&quot;}\">\n\t\t\t<div class=\"elementor-column-wrap elementor-element-populated\">\n\t\t\t\t\t\t\t<div class=\"elementor-widget-wrap\">\n\t\t\t\t\t\t<div class=\"elementor-element elementor-element-62c293e4 elementor-widget elementor-widget-heading\" data-id=\"62c293e4\" data-element_type=\"widget\" data-widget_type=\"heading.default\">\n\t\t\t\t<div class=\"elementor-widget-container\">\n\t\t\t<h2 class=\"elementor-heading-title elementor-size-default\">Equipamiento<\/h2>\t\t<\/div>\n\t\t\t\t<\/div>\n\t\t\t\t<div class=\"elementor-element elementor-element-1950a5fd elementor-widget elementor-widget-text-editor\" data-id=\"1950a5fd\" data-element_type=\"widget\" data-widget_type=\"text-editor.default\">\n\t\t\t\t<div class=\"elementor-widget-container\">\n\t\t\t\t\t<div class=\"elementor-text-editor elementor-clearfix\"><p>Todos los apartamentos con vista al mar est\u00e1n equipados con televisi\u00f3n de 32&#8243;, aire acondicionado fr\u00edo\/calor, amplios armarios empotrados y caja fuerte.<\/p><\/div>\n\t\t\t\t<\/div>\n\t\t\t\t<\/div>\n\t\t\t\t\t\t<\/div>\n\t\t\t\t\t<\/div>\n\t\t<\/div>\n\t\t\t\t\t\t\t\t<\/div>\n\t\t\t\t\t<\/div>\n\t\t<\/section>\n\t\t\t\t<section class=\"elementor-section elementor-inner-section elementor-element elementor-element-de4a64f elementor-section-content-middle elementor-reverse-mobile elementor-section-boxed elementor-section-height-default elementor-section-height-default\" data-id=\"de4a64f\" data-element_type=\"section\">\n\t\t\t\t\t\t<div class=\"elementor-container elementor-column-gap-no\">\n\t\t\t\t\t\t\t<div class=\"elementor-row\">\n\t\t\t\t\t<div class=\"elementor-column elementor-col-50 elementor-inner-column elementor-element elementor-element-5d18c5ba elementor-invisible\" data-id=\"5d18c5ba\" data-element_type=\"column\" data-settings=\"{&quot;animation&quot;:&quot;fadeInLeft&quot;}\">\n\t\t\t<div class=\"elementor-column-wrap elementor-element-populated\">\n\t\t\t\t\t\t\t<div class=\"elementor-widget-wrap\">\n\t\t\t\t\t\t<div class=\"elementor-element elementor-element-160f5322 elementor-widget elementor-widget-heading\" data-id=\"160f5322\" data-element_type=\"widget\" data-widget_type=\"heading.default\">\n\t\t\t\t<div class=\"elementor-widget-container\">\n\t\t\t<h2 class=\"elementor-heading-title elementor-size-default\">Interiores completamente renovados<\/h2>\t\t<\/div>\n\t\t\t\t<\/div>\n\t\t\t\t<div class=\"elementor-element elementor-element-2a683bc3 elementor-widget elementor-widget-text-editor\" data-id=\"2a683bc3\" data-element_type=\"widget\" data-widget_type=\"text-editor.default\">\n\t\t\t\t<div class=\"elementor-widget-container\">\n\t\t\t\t\t<div class=\"elementor-text-editor elementor-clearfix\"><p>Las im\u00e1genes corresponden respectivamente al sal\u00f3n-comedor y al dormitorio de los apartamentos con vista al mar, tras la completa reforma realizada a principios de 2012.<\/p><\/div>\n\t\t\t\t<\/div>\n\t\t\t\t<\/div>\n\t\t\t\t\t\t<\/div>\n\t\t\t\t\t<\/div>\n\t\t<\/div>\n\t\t\t\t<div class=\"elementor-column elementor-col-50 elementor-inner-column elementor-element elementor-element-64d68860 elementor-invisible\" data-id=\"64d68860\" data-element_type=\"column\" data-settings=\"{&quot;animation&quot;:&quot;fadeInRight&quot;}\">\n\t\t\t<div class=\"elementor-column-wrap elementor-element-populated\">\n\t\t\t\t\t\t\t<div class=\"elementor-widget-wrap\">\n\t\t\t\t\t\t<div class=\"elementor-element elementor-element-43b0dfa4 elementor-widget elementor-widget-image\" data-id=\"43b0dfa4\" data-element_type=\"widget\" data-widget_type=\"image.default\">\n\t\t\t\t<div class=\"elementor-widget-container\">\n\t\t\t\t\t<div class=\"elementor-image\">\n\t\t\t\t\t\t\t\t\t\t<img width=\"800\" height=\"536\" src=\"https:\/\/www.apartamentosembat.com\/wp-content\/uploads\/2020\/11\/apvmcom3.jpg\" class=\"attachment-large size-large\" alt=\"\" loading=\"lazy\" srcset=\"https:\/\/www.apartamentosembat.com\/wp-content\/uploads\/2020\/11\/apvmcom3.jpg 800w, https:\/\/www.apartamentosembat.com\/wp-content\/uploads\/2020\/11\/apvmcom3-300x201.jpg 300w, https:\/\/www.apartamentosembat.com\/wp-content\/uploads\/2020\/11\/apvmcom3-768x515.jpg 768w, https:\/\/www.apartamentosembat.com\/wp-content\/uploads\/2020\/11\/apvmcom3-218x146.jpg 218w, https:\/\/www.apartamentosembat.com\/wp-content\/uploads\/2020\/11\/apvmcom3-50x34.jpg 50w, https:\/\/www.apartamentosembat.com\/wp-content\/uploads\/2020\/11\/apvmcom3-112x75.jpg 112w\" sizes=\"(max-width: 800px) 100vw, 800px\" \/>\t\t\t\t\t\t\t\t\t\t\t<\/div>\n\t\t\t\t<\/div>\n\t\t\t\t<\/div>\n\t\t\t\t\t\t<\/div>\n\t\t\t\t\t<\/div>\n\t\t<\/div>\n\t\t\t\t\t\t\t\t<\/div>\n\t\t\t\t\t<\/div>\n\t\t<\/section>\n\t\t\t\t<section class=\"elementor-section elementor-inner-section elementor-element elementor-element-04d58b1 elementor-section-content-middle elementor-section-boxed elementor-section-height-default elementor-section-height-default\" data-id=\"04d58b1\" data-element_type=\"section\">\n\t\t\t\t\t\t<div class=\"elementor-container elementor-column-gap-no\">\n\t\t\t\t\t\t\t<div class=\"elementor-row\">\n\t\t\t\t\t<div class=\"elementor-column elementor-col-50 elementor-inner-column elementor-element elementor-element-9bd5da0 elementor-invisible\" data-id=\"9bd5da0\" data-element_type=\"column\" data-settings=\"{&quot;animation&quot;:&quot;fadeInLeft&quot;}\">\n\t\t\t<div class=\"elementor-column-wrap elementor-element-populated\">\n\t\t\t\t\t\t\t<div class=\"elementor-widget-wrap\">\n\t\t\t\t\t\t<div class=\"elementor-element elementor-element-45bd15b elementor-widget elementor-widget-image\" data-id=\"45bd15b\" data-element_type=\"widget\" data-widget_type=\"image.default\">\n\t\t\t\t<div class=\"elementor-widget-container\">\n\t\t\t\t\t<div class=\"elementor-image\">\n\t\t\t\t\t\t\t\t\t\t<img width=\"800\" height=\"536\" src=\"https:\/\/www.apartamentosembat.com\/wp-content\/uploads\/2020\/11\/apvmdorm3.jpg\" class=\"attachment-large size-large\" alt=\"\" loading=\"lazy\" srcset=\"https:\/\/www.apartamentosembat.com\/wp-content\/uploads\/2020\/11\/apvmdorm3.jpg 800w, https:\/\/www.apartamentosembat.com\/wp-content\/uploads\/2020\/11\/apvmdorm3-300x201.jpg 300w, https:\/\/www.apartamentosembat.com\/wp-content\/uploads\/2020\/11\/apvmdorm3-768x515.jpg 768w, https:\/\/www.apartamentosembat.com\/wp-content\/uploads\/2020\/11\/apvmdorm3-218x146.jpg 218w, https:\/\/www.apartamentosembat.com\/wp-content\/uploads\/2020\/11\/apvmdorm3-50x34.jpg 50w, https:\/\/www.apartamentosembat.com\/wp-content\/uploads\/2020\/11\/apvmdorm3-112x75.jpg 112w\" sizes=\"(max-width: 800px) 100vw, 800px\" \/>\t\t\t\t\t\t\t\t\t\t\t<\/div>\n\t\t\t\t<\/div>\n\t\t\t\t<\/div>\n\t\t\t\t\t\t<\/div>\n\t\t\t\t\t<\/div>\n\t\t<\/div>\n\t\t\t\t<div class=\"elementor-column elementor-col-50 elementor-inner-column elementor-element elementor-element-f8ffce4 elementor-invisible\" data-id=\"f8ffce4\" data-element_type=\"column\" data-settings=\"{&quot;animation&quot;:&quot;fadeInRight&quot;}\">\n\t\t\t<div class=\"elementor-column-wrap elementor-element-populated\">\n\t\t\t\t\t\t\t<div class=\"elementor-widget-wrap\">\n\t\t\t\t\t\t<div class=\"elementor-element elementor-element-e7b680b elementor-widget elementor-widget-heading\" data-id=\"e7b680b\" data-element_type=\"widget\" data-widget_type=\"heading.default\">\n\t\t\t\t<div class=\"elementor-widget-container\">\n\t\t\t<h2 class=\"elementor-heading-title elementor-size-default\">Espacioso<\/h2>\t\t<\/div>\n\t\t\t\t<\/div>\n\t\t\t\t<div class=\"elementor-element elementor-element-969fa31 elementor-widget elementor-widget-text-editor\" data-id=\"969fa31\" data-element_type=\"widget\" data-widget_type=\"text-editor.default\">\n\t\t\t\t<div class=\"elementor-widget-container\">\n\t\t\t\t\t<div class=\"elementor-text-editor elementor-clearfix\"><p>Con una superficie de 20m\u00b2 de dormitorio y 26m\u00b2 de sal\u00f3n, se pueden alojar a un m\u00e1ximo de 4 personas en un apartamento durmiendo dos en el dormitorio y otras 2 en el sal\u00f3n comedor.\u00a0<\/p><\/div>\n\t\t\t\t<\/div>\n\t\t\t\t<\/div>\n\t\t\t\t\t\t<\/div>\n\t\t\t\t\t<\/div>\n\t\t<\/div>\n\t\t\t\t\t\t\t\t<\/div>\n\t\t\t\t\t<\/div>\n\t\t<\/section>\n\t\t\t\t\t\t<\/div>\n\t\t\t\t\t<\/div>\n\t\t<\/div>\n\t\t\t\t\t\t\t\t<\/div>\n\t\t\t\t\t<\/div>\n\t\t<\/section>\n\t\t\t\t\t\t<\/div>\n\t\t\t\t\t\t<\/div>\n\t\t\t\t\t<\/div>\n\t\t","protected":false},"excerpt":{"rendered":"<p>Apartamentovista mar Un apartamento con vista al mar consta de un sal\u00f3n-comedor con cocina en barra americana totalmente equipada, un dormitorio doble con dos camas individuales<span class=\"excerpt-hellip\"> [\u2026]<\/span><\/p>\n","protected":false},"author":1,"featured_media":0,"parent":727,"menu_order":0,"comment_status":"closed","ping_status":"closed","template":"elementor_header_footer","meta":[],"_links":{"self":[{"href":"https:\/\/www.apartamentosembat.com\/en\/wp-json\/wp\/v2\/pages\/887"}],"collection":[{"href":"https:\/\/www.apartamentosembat.com\/en\/wp-json\/wp\/v2\/pages"}],"about":[{"href":"https:\/\/www.apartamentosembat.com\/en\/wp-json\/wp\/v2\/types\/page"}],"author":[{"embeddable":true,"href":"https:\/\/www.apartamentosembat.com\/en\/wp-json\/wp\/v2\/users\/1"}],"replies":[{"embeddable":true,"href":"https:\/\/www.apartamentosembat.com\/en\/wp-json\/wp\/v2\/comments?post=887"}],"version-history":[{"count":2,"href":"https:\/\/www.apartamentosembat.com\/en\/wp-json\/wp\/v2\/pages\/887\/revisions"}],"predecessor-version":[{"id":892,"href":"https:\/\/www.apartamentosembat.com\/en\/wp-json\/wp\/v2\/pages\/887\/revisions\/892"}],"up":[{"embeddable":true,"href":"https:\/\/www.apartamentosembat.com\/en\/wp-json\/wp\/v2\/pages\/727"}],"wp:attachment":[{"href":"https:\/\/www.apartamentosembat.com\/en\/wp-json\/wp\/v2\/media?parent=887"}],"curies":[{"name":"wp","href":"https:\/\/api.w.org\/{rel}","templated":true}]}}